{"id":297,"date":"2024-01-03T18:30:32","date_gmt":"2024-01-03T17:30:32","guid":{"rendered":"https:\/\/www.ff-preinsbach.at\/webneu\/?page_id=297"},"modified":"2025-01-06T12:14:23","modified_gmt":"2025-01-06T11:14:23","slug":"impressum","status":"publish","type":"page","link":"https:\/\/www.ff-preinsbach.at\/webneu\/impressum\/","title":{"rendered":"Impressum"},"content":{"rendered":"\t\t<div data-elementor-type=\"wp-page\" data-elementor-id=\"297\" class=\"elementor elementor-297\">\n\t\t\t\t\t\t<section class=\"elementor-section elementor-top-section elementor-element elementor-element-8d8a6c8 elementor-section-boxed elementor-section-height-default elementor-section-height-default exad-glass-effect-no exad-sticky-section-no\" data-id=\"8d8a6c8\" data-element_type=\"section\" data-e-type=\"section\">\n\t\t\t\t\t\t<div class=\"elementor-container elementor-column-gap-default\">\n\t\t\t\t\t<div class=\"elementor-column elementor-col-100 elementor-top-column elementor-element elementor-element-94d26d9 exad-glass-effect-no exad-sticky-section-no\" data-id=\"94d26d9\" data-element_type=\"column\" data-e-type=\"column\">\n\t\t\t<div class=\"elementor-widget-wrap elementor-element-populated\">\n\t\t\t\t\t\t<div class=\"elementor-element elementor-element-484f7b2 exad-sticky-section-no exad-glass-effect-no elementor-widget elementor-widget-text-editor\" data-id=\"484f7b2\" data-element_type=\"widget\" data-e-type=\"widget\" data-widget_type=\"text-editor.default\">\n\t\t\t\t<div class=\"elementor-widget-container\">\n\t\t\t\t\t\t\t\t\t<p><strong>Seitenbetreiber, f\u00fcr den Inhalt verantwortlich:<\/strong><\/p><p>FF Preinsbach<br \/><span style=\"font-size: 14px; color: var( --e-global-color-text ); background-color: var( --e-global-color-4db3ee3 );\">Feuerwehrkommandant Florian Tietze<\/span><\/p><p><span style=\"color: #333333; font-size: 16px; font-weight: 600; background-color: var( --e-global-color-4db3ee3 );\">Haftungsausschluss<\/span><\/p><div class=\"page-content\"><p><strong>Inhalte<\/strong><\/p><p>Wir \u00fcbernehmen keinerlei Gew\u00e4hr f\u00fcr die Aktualit\u00e4t, Korrektheit, Vollst\u00e4ndigkeit oder Qualit\u00e4t der bereitgestellten Informationen. Haftungsanspr\u00fcche gegen den Autor, welche sich auf Sch\u00e4den materieller oder ideeller Art beziehen, die durch die Nutzung oder Nichtnutzung der dargebotenen Informationen bzw. durch die Nutzung fehlerhafter und unvollst\u00e4ndiger Informationen verursacht wurden, sind grunds\u00e4tzlich ausgeschlossen, sofern seitens des Autors kein nachweislich vors\u00e4tzliches oder grob fahrl\u00e4ssiges Verschulden vorliegt. Alle Angebote sind freibleibend und unverbindlich. Der Autor beh\u00e4lt es sich ausdr\u00fccklich vor, Teile der Seiten oder das gesamte Angebot ohne gesonderte Ank\u00fcndigung zu ver\u00e4ndern, zu erg\u00e4nzen, zu l\u00f6schen oder die Ver\u00f6ffentlichung zeitweise oder endg\u00fcltig einzustellen.<\/p><p><strong>Urheber- und Nutzungsrechte<\/strong><\/p><p>S\u00e4mtliche Inhalte wie Texte, Bilder, Grafiken, Animationen, Videos, Sound oder sonstige Materialien dieser Website sind, sofern nicht anders angegeben, unser Eigentum oder Eigentum unserer Partner bzw. haben wir das Nutzungsrecht daf\u00fcr. S\u00e4mtliche unter dieser Domain bzw. in diesem Webangebot gehosteten Materialien d\u00fcrfen nicht ohne ausdr\u00fcckliche Zustimmung anderweitig verwendet werden.<\/p><p>Jahresr\u00fcckblicksvideo 2024:<\/p><p>Music by https:\/\/www.bensound.com\/free-music-for-videos<br \/>License code: EYS9HLFNUQHX00B9<\/p><p>Music: bensound.com<br \/>License code: NIOMRRL33HXQR0MM<\/p><p>Music: bensound.com<br \/>Artist: TURNIQUE <br \/>License code: 5ZROMVDJGUOPZETB<\/p><p>Music by: Bensound<br \/>License code: ELNQZELSQZHFG4YR<\/p><p>Music: https:\/\/www.bensound.com<br \/>License code: 41IDQM7E7IIGGCQU<\/p><p><strong>Genderhinweis<\/strong><\/p><p>Aus Gr\u00fcnden der einfacheren Lesbarkeit wird auf die geschlechtsspezifische Differenzierung verzichtet. Entsprechende Begriffe gelten im Sinne der Gleichbehandlung grunds\u00e4tzlich f\u00fcr beide Geschlechter.<\/p><p><strong>Barrierefreiheit<\/strong><\/p><p>Wir versuchen unser bestes, diese Website hinsichtlich der Barrierefreiheit zu optimieren. Wenn Sie trotz unseres Bem\u00fchens auf Schwierigkeiten sto\u00dfen oder Anregungen zur Verbesserung haben, freuen wir uns \u00fcber Ihr Feedback unter den oben angegebenen Kontaktdaten.<\/p><div class=\"post-tags\"><p>Herausgeber dieser Internetseiten und f\u00fcr den Inhalt verantwortlich ist die FF Preinsbach. Wenn nicht anders vermerkt, liegt das Copyright bei den Autoren und Autorinnen der einzelnen Seiten. Die Inhalte der jeweiligen Seiten werden von diesen eigenverantwortlich erarbeitet. Der Herausgeber distanziert sich ausdr\u00fccklich von den Inhalten aller gelinkten Seiten und macht sich diese Inhalte nicht zu eigen. Trotz sorgf\u00e4ltiger inhaltlicher Kontrolle wird keine Haftung f\u00fcr die Inhalte externer Links \u00fcbernommen. F\u00fcr den Inhalt der verlinkten Seiten sind ausschlie\u00dflich deren Betreiber verantwortlich. Die FF Preinsbach kann f\u00fcr fehlende oder irrt\u00fcmliche Informationen nicht haftbar gemacht werden. F\u00fcr Eintr\u00e4ge im G\u00e4stebuch wird ebenfalls keine Haftung \u00fcbernommen.<\/p><p>Web-Design und Koordination: Mag. Gabriele Wagner und<a href=\"mailto:wolfgang.zarl@gmx.at\">\u00a0<\/a>\u00a0<span id=\"cloak0879182243e96f50b8abebcbddbcf462\"><a href=\"mailto:wolfgang.zarl@gmx.at\">Wolfgang Zarl<\/a><\/span><br \/>Die Website wird regelm\u00e4\u00dfig gewartet, erg\u00e4nzt und es werden laufend \u00c4nderungen vorgenommen. Dabei k\u00f6nnen inhaltliche Fehler und Tippfehler passieren. Wir bitten um Verst\u00e4ndnis und sind dankbar f\u00fcr Verbesserungsvorschl\u00e4ge, aktuelle Infos und Beitr\u00e4ge.<br \/>Zu den Fotorechten: Bilder k\u00f6nnen gerne von unserer Website kopiert werden. Allerdings bitten wir dazu um kurze Mitteilung und um Verwendung des Copyrights &#8222;FF Preinsbach&#8220;.\u00a0 Wir bedanken uns bei folgenden Personen f\u00fcr ihre spezielle Mitarbeit und Unterst\u00fctzung: Sonja Schweighofer, Florian Tietze, Hubert Waldbauer<\/p><\/div><\/div><footer id=\"colophon\" role=\"contentinfo\"><div class=\"footer-width-fixer\"><div class=\"elementor elementor-2024\" data-elementor-type=\"wp-post\" data-elementor-id=\"2024\"><section class=\"elementor-section elementor-top-section elementor-element elementor-element-040778e elementor-section-boxed elementor-section-height-default elementor-section-height-default exad-glass-effect-no exad-sticky-section-no\" data-id=\"040778e\" data-element_type=\"section\"><div class=\"elementor-container elementor-column-gap-default\"><div class=\"elementor-column elementor-col-100 elementor-top-column elementor-element elementor-element-055db12 exad-glass-effect-no exad-sticky-section-no\" data-id=\"055db12\" data-element_type=\"column\">\u00a0<\/div><\/div><\/section><\/div><\/div><\/footer>\t\t\t\t\t\t\t\t<\/div>\n\t\t\t\t<\/div>\n\t\t\t\t\t<\/div>\n\t\t<\/div>\n\t\t\t\t\t<\/div>\n\t\t<\/section>\n\t\t\t\t<\/div>\n\t\t","protected":false},"excerpt":{"rendered":"<p>Seitenbetreiber, f\u00fcr den Inhalt verantwortlich: FF PreinsbachFeuerwehrkommandant Florian Tietze Haftungsausschluss Inhalte Wir \u00fcbernehmen keinerlei Gew\u00e4hr f\u00fcr die Aktualit\u00e4t, Korrektheit, Vollst\u00e4ndigkeit oder Qualit\u00e4t der bereitgestellten Informationen. Haftungsanspr\u00fcche gegen den Autor, welche sich auf Sch\u00e4den materieller oder ideeller Art beziehen, die durch die Nutzung oder Nichtnutzung der dargebotenen Informationen bzw. durch die Nutzung fehlerhafter und unvollst\u00e4ndiger Informationen [&hellip;]<\/p>\n","protected":false},"author":1,"featured_media":0,"parent":0,"menu_order":0,"comment_status":"closed","ping_status":"closed","template":"elementor_header_footer","meta":{"footnotes":""},"class_list":["post-297","page","type-page","status-publish","hentry"],"_links":{"self":[{"href":"https:\/\/www.ff-preinsbach.at\/webneu\/wp-json\/wp\/v2\/pages\/297","targetHints":{"allow":["GET"]}}],"collection":[{"href":"https:\/\/www.ff-preinsbach.at\/webneu\/wp-json\/wp\/v2\/pages"}],"about":[{"href":"https:\/\/www.ff-preinsbach.at\/webneu\/wp-json\/wp\/v2\/types\/page"}],"author":[{"embeddable":true,"href":"https:\/\/www.ff-preinsbach.at\/webneu\/wp-json\/wp\/v2\/users\/1"}],"replies":[{"embeddable":true,"href":"https:\/\/www.ff-preinsbach.at\/webneu\/wp-json\/wp\/v2\/comments?post=297"}],"version-history":[{"count":11,"href":"https:\/\/www.ff-preinsbach.at\/webneu\/wp-json\/wp\/v2\/pages\/297\/revisions"}],"predecessor-version":[{"id":2700,"href":"https:\/\/www.ff-preinsbach.at\/webneu\/wp-json\/wp\/v2\/pages\/297\/revisions\/2700"}],"wp:attachment":[{"href":"https:\/\/www.ff-preinsbach.at\/webneu\/wp-json\/wp\/v2\/media?parent=297"}],"curies":[{"name":"wp","href":"https:\/\/api.w.org\/{rel}","templated":true}]}}