{"id":102,"date":"2021-01-04T14:49:07","date_gmt":"2021-01-04T13:49:07","guid":{"rendered":"http:\/\/www.ff-preinsbach.at\/webneu\/?page_id=102"},"modified":"2025-01-06T11:08:37","modified_gmt":"2025-01-06T10:08:37","slug":"home","status":"publish","type":"page","link":"https:\/\/www.ff-preinsbach.at\/webneu\/","title":{"rendered":"Home"},"content":{"rendered":"\t\t<div data-elementor-type=\"wp-page\" data-elementor-id=\"102\" class=\"elementor elementor-102\">\n\t\t\t\t\t\t<section class=\"elementor-section elementor-top-section elementor-element elementor-element-4ad5d8ea elementor-section-boxed elementor-section-height-default elementor-section-height-default exad-glass-effect-no exad-sticky-section-no\" data-id=\"4ad5d8ea\" data-element_type=\"section\" data-e-type=\"section\" data-settings=\"{&quot;background_background&quot;:&quot;classic&quot;}\">\n\t\t\t\t\t\t\t<div class=\"elementor-background-overlay\"><\/div>\n\t\t\t\t\t\t\t<div class=\"elementor-container elementor-column-gap-default\">\n\t\t\t\t\t<div class=\"elementor-column elementor-col-100 elementor-top-column elementor-element elementor-element-617aa539 exad-glass-effect-no exad-sticky-section-no\" data-id=\"617aa539\" data-element_type=\"column\" data-e-type=\"column\">\n\t\t\t<div class=\"elementor-widget-wrap elementor-element-populated\">\n\t\t\t\t\t\t<div class=\"elementor-element elementor-element-74843287 exad-sticky-section-no exad-glass-effect-no elementor-widget elementor-widget-elementskit-blog-posts\" data-id=\"74843287\" data-element_type=\"widget\" data-e-type=\"widget\" data-settings=\"{&quot;_animation&quot;:&quot;none&quot;}\" data-widget_type=\"elementskit-blog-posts.default\">\n\t\t\t\t<div class=\"elementor-widget-container\">\n\t\t\t\t\t<div class=\"ekit-wid-con\" >        <div id=\"post-items--74843287\" class=\"row post-items\">\n                    <div class=\"col-lg-4 col-md-6\">\n\n                                    <div class=\"elementskit-post-image-card\">\n                        <div class=\"elementskit-entry-header\">\n                                                            <a href=\"https:\/\/www.ff-preinsbach.at\/webneu\/fla-gold-karl-etlinger-beendet-mit-grossem-erfolg-ausbilder-karriere\/\" class=\"elementskit-entry-thumb\">\n                                    <img decoding=\"async\" src=\"https:\/\/www.ff-preinsbach.at\/webneu\/wp-content\/uploads\/2026\/05\/FLA-Gold-Gruppe-1024x609.jpg\" alt=\"FLA Gold: Karl Etlinger beendet mit gro\u00dfem Erfolg Ausbilder-Karriere\">\n                                <\/a><!-- .elementskit-entry-thumb END -->\n                                                            \n                            \n\t\t\t\t\t\t\t\t\t\t\t\t\t<\/div><!-- .elementskit-entry-header END -->\n\n\t\t\t\t\t\t<div class=\"elementskit-post-body \">\n\t\t\t\t\t\t\t\n\t\t\t\t\t\t\t\t\t\t\t\t\t\t\t\t\t\t\t\t\t\t\t\t\t\n\t\t\t\t\t\t\t\t\n\t\t\t\t\t\t\t\t\t\t\t\t\t\t\t\t\t\t\t\t\t<h2 class=\"entry-title\">\n\t\t\t\t\t<a href=\"https:\/\/www.ff-preinsbach.at\/webneu\/fla-gold-karl-etlinger-beendet-mit-grossem-erfolg-ausbilder-karriere\/\">\n\t\t\t\t\t\tFLA Gold: Karl Etlinger beendet mit gro\u00dfem Erfolg Ausbilder-Karriere\t\t\t\t\t<\/a>\n\t\t\t\t<\/h2>\n\t\t\t\t\t\t\t\t\t\t\t\t\t\t\t\t\t\t\t\t\t\t\t\t\t\t\t\t\t\t\t\t\t\t\t\t\t\t\t\t\t\t<p>Karl Etlinger wird von den H\u00e4nden auf H\u00e4nden getragen. In der Landesfeuwerwehrschule Tulln absolvierten 13&hellip;<\/p>\n\t\t\t\t\t\t\t\t\t\t\t\t\t\t\t\t\t\t\t\t\t\t                                                            <div class=\"btn-wraper\">\n                                    \n                                                                            <a class=\"elementskit-btn whitespace--normal\" id=\"\" href=\"https:\/\/www.ff-preinsbach.at\/webneu\/fla-gold-karl-etlinger-beendet-mit-grossem-erfolg-ausbilder-karriere\/\">\n                                        \t                                            weiterlesen ...                                        <\/a>\n                                                                    <\/div>\n                                                    <\/div><!-- .elementskit-post-body END -->\n                    <\/div>\n                \n            <\/div>\n                    <div class=\"col-lg-4 col-md-6\">\n\n                                    <div class=\"elementskit-post-image-card\">\n                        <div class=\"elementskit-entry-header\">\n                                                            <a href=\"https:\/\/www.ff-preinsbach.at\/webneu\/ff-preinsbach-nach-grossuebung-zu-b2-brand-alarmiert\/\" class=\"elementskit-entry-thumb\">\n                                    <img decoding=\"async\" src=\"https:\/\/www.ff-preinsbach.at\/webneu\/wp-content\/uploads\/2026\/05\/1-768x1024.jpeg\" alt=\"FF Preinsbach nach Gro\u00df\u00fcbung zu B2-Brand alarmiert\">\n                                <\/a><!-- .elementskit-entry-thumb END -->\n                                                            \n                            \n\t\t\t\t\t\t\t\t\t\t\t\t\t<\/div><!-- .elementskit-entry-header END -->\n\n\t\t\t\t\t\t<div class=\"elementskit-post-body \">\n\t\t\t\t\t\t\t\n\t\t\t\t\t\t\t\t\t\t\t\t\t\t\t\t\t\t\t\t\t\t\t\t\t\n\t\t\t\t\t\t\t\t\n\t\t\t\t\t\t\t\t\t\t\t\t\t\t\t\t\t\t\t\t\t<h2 class=\"entry-title\">\n\t\t\t\t\t<a href=\"https:\/\/www.ff-preinsbach.at\/webneu\/ff-preinsbach-nach-grossuebung-zu-b2-brand-alarmiert\/\">\n\t\t\t\t\t\tFF Preinsbach nach Gro\u00df\u00fcbung zu B2-Brand alarmiert\t\t\t\t\t<\/a>\n\t\t\t\t<\/h2>\n\t\t\t\t\t\t\t\t\t\t\t\t\t\t\t\t\t\t\t\t\t\t\t\t\t\t\t\t\t\t\t\t\t\t\t\t\t\t\t\t\t\t<p>Zu einer hochkar\u00e4tigen \u00dcbung des Abschnitts Amstetten-Stadt wurden die neun Feuerwehren der Stadt geladen. \u00dcbungsort&hellip;<\/p>\n\t\t\t\t\t\t\t\t\t\t\t\t\t\t\t\t\t\t\t\t\t\t                                                            <div class=\"btn-wraper\">\n                                    \n                                                                            <a class=\"elementskit-btn whitespace--normal\" id=\"\" href=\"https:\/\/www.ff-preinsbach.at\/webneu\/ff-preinsbach-nach-grossuebung-zu-b2-brand-alarmiert\/\">\n                                        \t                                            weiterlesen ...                                        <\/a>\n                                                                    <\/div>\n                                                    <\/div><!-- .elementskit-post-body END -->\n                    <\/div>\n                \n            <\/div>\n                    <div class=\"col-lg-4 col-md-6\">\n\n                                    <div class=\"elementskit-post-image-card\">\n                        <div class=\"elementskit-entry-header\">\n                                                            <a href=\"https:\/\/www.ff-preinsbach.at\/webneu\/sonnwendfest-am-12-juni-2026\/\" class=\"elementskit-entry-thumb\">\n                                    <img decoding=\"async\" src=\"https:\/\/www.ff-preinsbach.at\/webneu\/wp-content\/uploads\/2026\/05\/WhatsApp-Image-2026-05-01-at-16.15.35-724x1024.jpeg\" alt=\"Sonnwendfest am 12. Juni 2026\">\n                                <\/a><!-- .elementskit-entry-thumb END -->\n                                                            \n                            \n\t\t\t\t\t\t\t\t\t\t\t\t\t<\/div><!-- .elementskit-entry-header END -->\n\n\t\t\t\t\t\t<div class=\"elementskit-post-body \">\n\t\t\t\t\t\t\t\n\t\t\t\t\t\t\t\t\t\t\t\t\t\t\t\t\t\t\t\t\t\t\t\t\t\n\t\t\t\t\t\t\t\t\n\t\t\t\t\t\t\t\t\t\t\t\t\t\t\t\t\t\t\t\t\t<h2 class=\"entry-title\">\n\t\t\t\t\t<a href=\"https:\/\/www.ff-preinsbach.at\/webneu\/sonnwendfest-am-12-juni-2026\/\">\n\t\t\t\t\t\tSonnwendfest am 12. Juni 2026\t\t\t\t\t<\/a>\n\t\t\t\t<\/h2>\n\t\t\t\t\t\t\t\t\t\t\t\t\t\t\t\t\t\t\t\t\t\t\t\t\t\t\t\t\t\t\t\t\t\t\t\t\t\t\t\t\t\t<p>Die Freiwillige Feuerwehr Preinsbach l\u00e4dt wieder zum legend\u00e4ren Sonnwendfeuer. Ab 19 Uhr gibt es musikalische&hellip;<\/p>\n\t\t\t\t\t\t\t\t\t\t\t\t\t\t\t\t\t\t\t\t\t\t                                                            <div class=\"btn-wraper\">\n                                    \n                                                                            <a class=\"elementskit-btn whitespace--normal\" id=\"\" href=\"https:\/\/www.ff-preinsbach.at\/webneu\/sonnwendfest-am-12-juni-2026\/\">\n                                        \t                                            weiterlesen ...                                        <\/a>\n                                                                    <\/div>\n                                                    <\/div><!-- .elementskit-post-body END -->\n                    <\/div>\n                \n            <\/div>\n                    <div class=\"col-lg-4 col-md-6\">\n\n                                    <div class=\"elementskit-post-image-card\">\n                        <div class=\"elementskit-entry-header\">\n                                                            <a href=\"https:\/\/www.ff-preinsbach.at\/webneu\/53-personen-spendeten-blut\/\" class=\"elementskit-entry-thumb\">\n                                    <img decoding=\"async\" src=\"https:\/\/www.ff-preinsbach.at\/webneu\/wp-content\/uploads\/2026\/04\/blutspendeaktion-1024x768.jpg\" alt=\"53 Personen spendeten Blut\">\n                                <\/a><!-- .elementskit-entry-thumb END -->\n                                                            \n                            \n\t\t\t\t\t\t\t\t\t\t\t\t\t<\/div><!-- .elementskit-entry-header END -->\n\n\t\t\t\t\t\t<div class=\"elementskit-post-body \">\n\t\t\t\t\t\t\t\n\t\t\t\t\t\t\t\t\t\t\t\t\t\t\t\t\t\t\t\t\t\t\t\t\t\n\t\t\t\t\t\t\t\t\n\t\t\t\t\t\t\t\t\t\t\t\t\t\t\t\t\t\t\t\t\t<h2 class=\"entry-title\">\n\t\t\t\t\t<a href=\"https:\/\/www.ff-preinsbach.at\/webneu\/53-personen-spendeten-blut\/\">\n\t\t\t\t\t\t53 Personen spendeten Blut\t\t\t\t\t<\/a>\n\t\t\t\t<\/h2>\n\t\t\t\t\t\t\t\t\t\t\t\t\t\t\t\t\t\t\t\t\t\t\t\t\t\t\t\t\t\t\t\t\t\t\t\t\t\t\t\t\t\t<p>Am 26. April 2026 beteiligten sich 53 Personen an der Blutspendeaktion der FF Preinsbach und&hellip;<\/p>\n\t\t\t\t\t\t\t\t\t\t\t\t\t\t\t\t\t\t\t\t\t\t                                                            <div class=\"btn-wraper\">\n                                    \n                                                                            <a class=\"elementskit-btn whitespace--normal\" id=\"\" href=\"https:\/\/www.ff-preinsbach.at\/webneu\/53-personen-spendeten-blut\/\">\n                                        \t                                            weiterlesen ...                                        <\/a>\n                                                                    <\/div>\n                                                    <\/div><!-- .elementskit-post-body END -->\n                    <\/div>\n                \n            <\/div>\n                    <div class=\"col-lg-4 col-md-6\">\n\n                                    <div class=\"elementskit-post-image-card\">\n                        <div class=\"elementskit-entry-header\">\n                                                            <a href=\"https:\/\/www.ff-preinsbach.at\/webneu\/jubilaeumsfeuerwehr-preinsbach-vom-land-geehrt\/\" class=\"elementskit-entry-thumb\">\n                                    <img decoding=\"async\" src=\"https:\/\/www.ff-preinsbach.at\/webneu\/wp-content\/uploads\/2026\/04\/WhatsApp-Image-2026-04-24-at-08.31.35-1-1024x631.jpeg\" alt=\"Jubil\u00e4umsfeuerwehr Preinsbach vom Land geehrt\">\n                                <\/a><!-- .elementskit-entry-thumb END -->\n                                                            \n                            \n\t\t\t\t\t\t\t\t\t\t\t\t\t<\/div><!-- .elementskit-entry-header END -->\n\n\t\t\t\t\t\t<div class=\"elementskit-post-body \">\n\t\t\t\t\t\t\t\n\t\t\t\t\t\t\t\t\t\t\t\t\t\t\t\t\t\t\t\t\t\t\t\t\t\n\t\t\t\t\t\t\t\t\n\t\t\t\t\t\t\t\t\t\t\t\t\t\t\t\t\t\t\t\t\t<h2 class=\"entry-title\">\n\t\t\t\t\t<a href=\"https:\/\/www.ff-preinsbach.at\/webneu\/jubilaeumsfeuerwehr-preinsbach-vom-land-geehrt\/\">\n\t\t\t\t\t\tJubil\u00e4umsfeuerwehr Preinsbach vom Land geehrt\t\t\t\t\t<\/a>\n\t\t\t\t<\/h2>\n\t\t\t\t\t\t\t\t\t\t\t\t\t\t\t\t\t\t\t\t\t\t\t\t\t\t\t\t\t\t\t\t\t\t\t\t\t\t\t\t\t\t<p>Bei einem Festakt in Tulln wurden die JUBIL\u00c4USMFEUERWEHREN 2026 von der Landesregierung und der \u201eFeuerwehr-Hierarchie\u201c&hellip;<\/p>\n\t\t\t\t\t\t\t\t\t\t\t\t\t\t\t\t\t\t\t\t\t\t                                                            <div class=\"btn-wraper\">\n                                    \n                                                                            <a class=\"elementskit-btn whitespace--normal\" id=\"\" href=\"https:\/\/www.ff-preinsbach.at\/webneu\/jubilaeumsfeuerwehr-preinsbach-vom-land-geehrt\/\">\n                                        \t                                            weiterlesen ...                                        <\/a>\n                                                                    <\/div>\n                                                    <\/div><!-- .elementskit-post-body END -->\n                    <\/div>\n                \n            <\/div>\n                    <div class=\"col-lg-4 col-md-6\">\n\n                                    <div class=\"elementskit-post-image-card\">\n                        <div class=\"elementskit-entry-header\">\n                                                            <a href=\"https:\/\/www.ff-preinsbach.at\/webneu\/floriani-messe-am-30-april-in-der-st-agatha-kirche\/\" class=\"elementskit-entry-thumb\">\n                                    <img decoding=\"async\" src=\"https:\/\/www.ff-preinsbach.at\/webneu\/wp-content\/uploads\/2026\/04\/4.jpg\" alt=\"Floriani-Messe am 30. April in der St. Agatha-Kirche\">\n                                <\/a><!-- .elementskit-entry-thumb END -->\n                                                            \n                            \n\t\t\t\t\t\t\t\t\t\t\t\t\t<\/div><!-- .elementskit-entry-header END -->\n\n\t\t\t\t\t\t<div class=\"elementskit-post-body \">\n\t\t\t\t\t\t\t\n\t\t\t\t\t\t\t\t\t\t\t\t\t\t\t\t\t\t\t\t\t\t\t\t\t\n\t\t\t\t\t\t\t\t\n\t\t\t\t\t\t\t\t\t\t\t\t\t\t\t\t\t\t\t\t\t<h2 class=\"entry-title\">\n\t\t\t\t\t<a href=\"https:\/\/www.ff-preinsbach.at\/webneu\/floriani-messe-am-30-april-in-der-st-agatha-kirche\/\">\n\t\t\t\t\t\tFloriani-Messe am 30. April in der St. Agatha-Kirche\t\t\t\t\t<\/a>\n\t\t\t\t<\/h2>\n\t\t\t\t\t\t\t\t\t\t\t\t\t\t\t\t\t\t\t\t\t\t\t\t\t\t\t\t\t\t\t\t\t\t\t\t\t\t\t\t\t\t<p>Die Feuerwehren Preinsbach und Boxhofen laden am 30. April um 19.30 Uhr zur heiligen Messe&hellip;<\/p>\n\t\t\t\t\t\t\t\t\t\t\t\t\t\t\t\t\t\t\t\t\t\t                                                            <div class=\"btn-wraper\">\n                                    \n                                                                            <a class=\"elementskit-btn whitespace--normal\" id=\"\" href=\"https:\/\/www.ff-preinsbach.at\/webneu\/floriani-messe-am-30-april-in-der-st-agatha-kirche\/\">\n                                        \t                                            weiterlesen ...                                        <\/a>\n                                                                    <\/div>\n                                                    <\/div><!-- .elementskit-post-body END -->\n                    <\/div>\n                \n            <\/div>\n                <\/div>\n       <\/div>\t\t\t\t<\/div>\n\t\t\t\t<\/div>\n\t\t\t\t\t<\/div>\n\t\t<\/div>\n\t\t\t\t\t<\/div>\n\t\t<\/section>\n\t\t\t\t<section class=\"elementor-section elementor-top-section elementor-element elementor-element-d8fff83 elementor-section-boxed elementor-section-height-default elementor-section-height-default exad-glass-effect-no exad-sticky-section-no\" data-id=\"d8fff83\" data-element_type=\"section\" data-e-type=\"section\">\n\t\t\t\t\t\t\t<div class=\"elementor-background-overlay\"><\/div>\n\t\t\t\t\t\t\t<div class=\"elementor-container elementor-column-gap-default\">\n\t\t\t\t\t<div class=\"elementor-column elementor-col-33 elementor-top-column elementor-element elementor-element-2c4b6dc exad-glass-effect-no exad-sticky-section-no\" data-id=\"2c4b6dc\" data-element_type=\"column\" data-e-type=\"column\">\n\t\t\t<div class=\"elementor-widget-wrap elementor-element-populated\">\n\t\t\t\t\t\t<div class=\"elementor-element elementor-element-2b34c98 exad-sticky-section-no exad-glass-effect-no elementor-widget elementor-widget-heading\" data-id=\"2b34c98\" data-element_type=\"widget\" data-e-type=\"widget\" data-widget_type=\"heading.default\">\n\t\t\t\t<div class=\"elementor-widget-container\">\n\t\t\t\t\t<h2 class=\"elementor-heading-title elementor-size-default\">Video zum Jahresr\u00fcckblick 2024<\/h2>\t\t\t\t<\/div>\n\t\t\t\t<\/div>\n\t\t\t\t<div class=\"elementor-element elementor-element-65e9057 exad-sticky-section-no exad-glass-effect-no elementor-widget elementor-widget-video\" data-id=\"65e9057\" data-element_type=\"widget\" data-e-type=\"widget\" data-settings=\"{&quot;youtube_url&quot;:&quot;https:\\\/\\\/youtu.be\\\/1Jvom0adDUI&quot;,&quot;show_image_overlay&quot;:&quot;yes&quot;,&quot;image_overlay&quot;:{&quot;url&quot;:&quot;https:\\\/\\\/www.ff-preinsbach.at\\\/webneu\\\/wp-content\\\/uploads\\\/2024\\\/01\\\/08_uebung.jpg&quot;,&quot;id&quot;:564,&quot;size&quot;:&quot;&quot;,&quot;alt&quot;:&quot;&quot;,&quot;source&quot;:&quot;library&quot;},&quot;video_type&quot;:&quot;youtube&quot;,&quot;controls&quot;:&quot;yes&quot;}\" data-widget_type=\"video.default\">\n\t\t\t\t<div class=\"elementor-widget-container\">\n\t\t\t\t\t\t\t<div class=\"elementor-wrapper elementor-open-inline\">\n\t\t\t<div class=\"elementor-video\"><\/div>\t\t\t\t<div class=\"elementor-custom-embed-image-overlay\" style=\"background-image: url(https:\/\/www.ff-preinsbach.at\/webneu\/wp-content\/uploads\/2024\/01\/08_uebung.jpg);\">\n\t\t\t\t\t\t\t\t\t\t\t\t\t\t\t\t<div class=\"elementor-custom-embed-play\" role=\"button\" aria-label=\"Video abspielen\" tabindex=\"0\">\n\t\t\t\t\t\t\t<i aria-hidden=\"true\" class=\"eicon-play\"><\/i>\t\t\t\t\t\t<\/div>\n\t\t\t\t\t\t\t\t\t<\/div>\n\t\t\t\t\t<\/div>\n\t\t\t\t\t\t<\/div>\n\t\t\t\t<\/div>\n\t\t\t\t\t<\/div>\n\t\t<\/div>\n\t\t\t\t<div class=\"elementor-column elementor-col-33 elementor-top-column elementor-element elementor-element-1be00dd exad-glass-effect-no exad-sticky-section-no\" data-id=\"1be00dd\" data-element_type=\"column\" data-e-type=\"column\">\n\t\t\t<div class=\"elementor-widget-wrap elementor-element-populated\">\n\t\t\t\t\t\t<div class=\"elementor-element elementor-element-5d9de61 exad-sticky-section-no exad-glass-effect-no elementor-widget elementor-widget-heading\" data-id=\"5d9de61\" data-element_type=\"widget\" data-e-type=\"widget\" data-widget_type=\"heading.default\">\n\t\t\t\t<div class=\"elementor-widget-container\">\n\t\t\t\t\t<h2 class=\"elementor-heading-title elementor-size-default\">Aktuelle Eins\u00e4tze in Nieder\u00f6sterreich<\/h2>\t\t\t\t<\/div>\n\t\t\t\t<\/div>\n\t\t\t\t<div class=\"elementor-element elementor-element-06c0b60 exad-sticky-section-no exad-glass-effect-no elementor-widget elementor-widget-text-editor\" data-id=\"06c0b60\" data-element_type=\"widget\" data-e-type=\"widget\" data-widget_type=\"text-editor.default\">\n\t\t\t\t<div class=\"elementor-widget-container\">\n\t\t\t\t\t\t\t\t\t<a href=\"https:\/\/www.feuerwehr-krems.at\/Warnung\/teaser_noe_all.asp\" target=\"_blank\" rel=\"noopener\">\n<img decoding=\"async\" style=\"width: 100%;\" src=\"https:\/\/www.feuerwehr-krems.at\/Warnung\/NOE_Karte_simple.gif\" alt=\"Einsatzstatus Nieder\u00f6sterreich\" \/>\n<\/a>\t\t\t\t\t\t\t\t<\/div>\n\t\t\t\t<\/div>\n\t\t\t\t\t<\/div>\n\t\t<\/div>\n\t\t\t\t<div class=\"elementor-column elementor-col-33 elementor-top-column elementor-element elementor-element-e2ce47a exad-glass-effect-no exad-sticky-section-no\" data-id=\"e2ce47a\" data-element_type=\"column\" data-e-type=\"column\">\n\t\t\t<div class=\"elementor-widget-wrap elementor-element-populated\">\n\t\t\t\t\t\t<div class=\"elementor-element elementor-element-40ec20e exad-sticky-section-no exad-glass-effect-no elementor-widget elementor-widget-heading\" data-id=\"40ec20e\" data-element_type=\"widget\" data-e-type=\"widget\" data-widget_type=\"heading.default\">\n\t\t\t\t<div class=\"elementor-widget-container\">\n\t\t\t\t\t<h2 class=\"elementor-heading-title elementor-size-default\">Unwetterwarnungen f\u00fcr \u00d6sterreich<\/h2>\t\t\t\t<\/div>\n\t\t\t\t<\/div>\n\t\t\t\t<div class=\"elementor-element elementor-element-cc39ed1 exad-sticky-section-no exad-glass-effect-no elementor-widget elementor-widget-text-editor\" data-id=\"cc39ed1\" data-element_type=\"widget\" data-e-type=\"widget\" data-widget_type=\"text-editor.default\">\n\t\t\t\t<div class=\"elementor-widget-container\">\n\t\t\t\t\t\t\t\t\t<a href=\"https:\/\/www.uwz.at\/\" target=\"_blank\" rel=\"noopener\"><img fetchpriority=\"high\" decoding=\"async\" style=\"border: 0px none;\" title=\"Unwetterwarnung\" src=\"https:\/\/www.uwz.at\/data\/previews\/AT_warning_today_all_desktop.png?\" alt=\"Unwetterwarnung\" width=\"363\" height=\"181\" \/>\n<\/a>\t\t\t\t\t\t\t\t<\/div>\n\t\t\t\t<\/div>\n\t\t\t\t\t<\/div>\n\t\t<\/div>\n\t\t\t\t\t<\/div>\n\t\t<\/section>\n\t\t\t\t<\/div>\n\t\t","protected":false},"excerpt":{"rendered":"<p>Auto auf Dach: FF Preinsbach nach Unfall zu Fahrzeugbergung ausger\u00fcckt Um 5.43 Uhr des 3. J\u00e4nner wurde die Feuerwehr Preinsbach alarmiert, nachdem ein Auto im&hellip; weiterlesen &#8230; Abschnittsfeuerwehrkommando warnt vor B\u00f6ller und Raketen zu Silvester Foto: Pyrotechniker Bernhard Wagner und Abschnittsfeuerwehrkommandant Stefan Schaub. \u00a0 \u201eViele Menschen werden auch dieses Jahr&hellip; weiterlesen &#8230; Unsere Feuerwehrjugend brachte [&hellip;]<\/p>\n","protected":false},"author":1,"featured_media":0,"parent":0,"menu_order":0,"comment_status":"closed","ping_status":"closed","template":"","meta":{"footnotes":""},"class_list":["post-102","page","type-page","status-publish","hentry"],"_links":{"self":[{"href":"https:\/\/www.ff-preinsbach.at\/webneu\/wp-json\/wp\/v2\/pages\/102","targetHints":{"allow":["GET"]}}],"collection":[{"href":"https:\/\/www.ff-preinsbach.at\/webneu\/wp-json\/wp\/v2\/pages"}],"about":[{"href":"https:\/\/www.ff-preinsbach.at\/webneu\/wp-json\/wp\/v2\/types\/page"}],"author":[{"embeddable":true,"href":"https:\/\/www.ff-preinsbach.at\/webneu\/wp-json\/wp\/v2\/users\/1"}],"replies":[{"embeddable":true,"href":"https:\/\/www.ff-preinsbach.at\/webneu\/wp-json\/wp\/v2\/comments?post=102"}],"version-history":[{"count":386,"href":"https:\/\/www.ff-preinsbach.at\/webneu\/wp-json\/wp\/v2\/pages\/102\/revisions"}],"predecessor-version":[{"id":2695,"href":"https:\/\/www.ff-preinsbach.at\/webneu\/wp-json\/wp\/v2\/pages\/102\/revisions\/2695"}],"wp:attachment":[{"href":"https:\/\/www.ff-preinsbach.at\/webneu\/wp-json\/wp\/v2\/media?parent=102"}],"curies":[{"name":"wp","href":"https:\/\/api.w.org\/{rel}","templated":true}]}}